{"id":954,"date":"2023-10-16T20:52:54","date_gmt":"2023-10-16T20:52:54","guid":{"rendered":"https:\/\/benjaminmolinaroluthier.com\/?page_id=954"},"modified":"2023-10-17T09:01:38","modified_gmt":"2023-10-17T09:01:38","slug":"presentation","status":"publish","type":"page","link":"https:\/\/benjaminmolinaroluthier.com\/en\/presentation\/","title":{"rendered":"pr\u00e9sentation"},"content":{"rendered":"\t\t<div data-elementor-type=\"wp-page\" data-elementor-id=\"954\" class=\"elementor elementor-954\">\n\t\t\t\t\t\t\t\t\t<section class=\"elementor-section elementor-top-section elementor-element elementor-element-dc620ec elementor-section-boxed elementor-section-height-default elementor-section-height-default\" data-id=\"dc620ec\" data-element_type=\"section\">\n\t\t\t\t\t\t<div class=\"elementor-container elementor-column-gap-default\">\n\t\t\t\t\t<div class=\"elementor-column elementor-col-100 elementor-top-column elementor-element elementor-element-5906baa\" data-id=\"5906baa\" data-element_type=\"column\">\n\t\t\t<div class=\"elementor-widget-wrap elementor-element-populated\">\n\t\t\t\t\t\t\t\t<section class=\"elementor-section elementor-inner-section elementor-element elementor-element-5f68804 elementor-section-boxed elementor-section-height-default elementor-section-height-default\" data-id=\"5f68804\" data-element_type=\"section\">\n\t\t\t\t\t\t<div class=\"elementor-container elementor-column-gap-default\">\n\t\t\t\t\t<div class=\"elementor-column elementor-col-50 elementor-inner-column elementor-element elementor-element-5d4b404\" data-id=\"5d4b404\" data-element_type=\"column\">\n\t\t\t<div class=\"elementor-widget-wrap elementor-element-populated\">\n\t\t\t\t\t\t\t\t<div class=\"elementor-element elementor-element-f75ee5d elementor-widget elementor-widget-heading\" data-id=\"f75ee5d\" data-element_type=\"widget\" data-widget_type=\"heading.default\">\n\t\t\t\t<div class=\"elementor-widget-container\">\n\t\t\t<style>\/*! elementor - v3.16.0 - 09-10-2023 *\/\n.elementor-heading-title{padding:0;margin:0;line-height:1}.elementor-widget-heading .elementor-heading-title[class*=elementor-size-]>a{color:inherit;font-size:inherit;line-height:inherit}.elementor-widget-heading .elementor-heading-title.elementor-size-small{font-size:15px}.elementor-widget-heading .elementor-heading-title.elementor-size-medium{font-size:19px}.elementor-widget-heading .elementor-heading-title.elementor-size-large{font-size:29px}.elementor-widget-heading .elementor-heading-title.elementor-size-xl{font-size:39px}.elementor-widget-heading .elementor-heading-title.elementor-size-xxl{font-size:59px}<\/style><h2 class=\"elementor-heading-title elementor-size-default\"><a href=\"#parcours\">Mon Parcours<\/a><\/h2>\t\t<\/div>\n\t\t\t\t<\/div>\n\t\t\t\t\t<\/div>\n\t\t<\/div>\n\t\t\t\t<div class=\"elementor-column elementor-col-50 elementor-inner-column elementor-element elementor-element-ad2a6ea\" data-id=\"ad2a6ea\" data-element_type=\"column\">\n\t\t\t<div class=\"elementor-widget-wrap elementor-element-populated\">\n\t\t\t\t\t\t\t\t<div class=\"elementor-element elementor-element-518edeb elementor-widget elementor-widget-heading\" data-id=\"518edeb\" data-element_type=\"widget\" data-widget_type=\"heading.default\">\n\t\t\t\t<div class=\"elementor-widget-container\">\n\t\t\t<h2 class=\"elementor-heading-title elementor-size-default\"><a href=\"#demarche\">Ma D\u00e9marche<\/a><\/h2>\t\t<\/div>\n\t\t\t\t<\/div>\n\t\t\t\t\t<\/div>\n\t\t<\/div>\n\t\t\t\t\t\t\t<\/div>\n\t\t<\/section>\n\t\t\t\t\t<\/div>\n\t\t<\/div>\n\t\t\t\t\t\t\t<\/div>\n\t\t<\/section>\n\t\t\t\t<section class=\"elementor-section elementor-top-section elementor-element elementor-element-fab15fb elementor-section-boxed elementor-section-height-default elementor-section-height-default\" data-id=\"fab15fb\" data-element_type=\"section\">\n\t\t\t\t\t\t<div class=\"elementor-container elementor-column-gap-default\">\n\t\t\t\t\t<div class=\"elementor-column elementor-col-50 elementor-top-column elementor-element elementor-element-0e3dc2c\" data-id=\"0e3dc2c\" data-element_type=\"column\">\n\t\t\t<div class=\"elementor-widget-wrap elementor-element-populated\">\n\t\t\t\t\t\t\t\t<div class=\"elementor-element elementor-element-8411d87 elementor-widget elementor-widget-image\" data-id=\"8411d87\" data-element_type=\"widget\" data-widget_type=\"image.default\">\n\t\t\t\t<div class=\"elementor-widget-container\">\n\t\t\t<style>\/*! elementor - v3.16.0 - 09-10-2023 *\/\n.elementor-widget-image{text-align:center}.elementor-widget-image a{display:inline-block}.elementor-widget-image a img[src$=\".svg\"]{width:48px}.elementor-widget-image img{vertical-align:middle;display:inline-block}<\/style>\t\t\t\t\t\t\t\t\t\t\t\t<img loading=\"lazy\" decoding=\"async\" width=\"934\" height=\"1024\" src=\"https:\/\/benjaminmolinaroluthier.com\/wp-content\/uploads\/2023\/10\/IMG_20221208_151734-934x1024.jpg\" class=\"attachment-large size-large wp-image-882\" alt=\"\" srcset=\"https:\/\/benjaminmolinaroluthier.com\/wp-content\/uploads\/2023\/10\/IMG_20221208_151734-934x1024.jpg 934w, https:\/\/benjaminmolinaroluthier.com\/wp-content\/uploads\/2023\/10\/IMG_20221208_151734-274x300.jpg 274w, https:\/\/benjaminmolinaroluthier.com\/wp-content\/uploads\/2023\/10\/IMG_20221208_151734-768x842.jpg 768w, https:\/\/benjaminmolinaroluthier.com\/wp-content\/uploads\/2023\/10\/IMG_20221208_151734-1401x1536.jpg 1401w, https:\/\/benjaminmolinaroluthier.com\/wp-content\/uploads\/2023\/10\/IMG_20221208_151734.jpg 1695w\" sizes=\"auto, (max-width: 934px) 100vw, 934px\" \/>\t\t\t\t\t\t\t\t\t\t\t\t\t\t\t<\/div>\n\t\t\t\t<\/div>\n\t\t\t\t\t<\/div>\n\t\t<\/div>\n\t\t\t\t<div class=\"elementor-column elementor-col-50 elementor-top-column elementor-element elementor-element-46b1fb5\" data-id=\"46b1fb5\" data-element_type=\"column\">\n\t\t\t<div class=\"elementor-widget-wrap elementor-element-populated\">\n\t\t\t\t\t\t\t\t<div class=\"elementor-element elementor-element-15b9870 elementor-widget elementor-widget-menu-anchor\" data-id=\"15b9870\" data-element_type=\"widget\" data-widget_type=\"menu-anchor.default\">\n\t\t\t\t<div class=\"elementor-widget-container\">\n\t\t\t<style>\/*! elementor - v3.16.0 - 09-10-2023 *\/\nbody.elementor-page .elementor-widget-menu-anchor{margin-bottom:0}<\/style>\t\t<div id=\"parcours\" class=\"elementor-menu-anchor\"><\/div>\n\t\t\t\t<\/div>\n\t\t\t\t<\/div>\n\t\t\t\t<div class=\"elementor-element elementor-element-fc4eeec elementor-widget elementor-widget-text-editor\" data-id=\"fc4eeec\" data-element_type=\"widget\" data-widget_type=\"text-editor.default\">\n\t\t\t\t<div class=\"elementor-widget-container\">\n\t\t\t<style>\/*! elementor - v3.16.0 - 09-10-2023 *\/\n.elementor-widget-text-editor.elementor-drop-cap-view-stacked .elementor-drop-cap{background-color:#69727d;color:#fff}.elementor-widget-text-editor.elementor-drop-cap-view-framed .elementor-drop-cap{color:#69727d;border:3px solid;background-color:transparent}.elementor-widget-text-editor:not(.elementor-drop-cap-view-default) .elementor-drop-cap{margin-top:8px}.elementor-widget-text-editor:not(.elementor-drop-cap-view-default) .elementor-drop-cap-letter{width:1em;height:1em}.elementor-widget-text-editor .elementor-drop-cap{float:left;text-align:center;line-height:1;font-size:50px}.elementor-widget-text-editor .elementor-drop-cap-letter{display:inline-block}<\/style>\t\t\t\t<h4 class=\"MsoNormal\">Mon<b> Parcours<\/b><\/h4><p class=\"MsoNormal\">N\u00e9 dans une famille de musiciens, c\u2019est tout naturellement que j\u2019ai commenc\u00e9 le violon \u00e0 l\u2019\u00e2ge de 6 ans au CRR de Lyon. Assez rapidement, j\u2019ai voulu en savoir plus sur cet instrument et je ne manquais pas une occasion d\u2019aller visiter les ateliers de lutherie lyonnais.<br \/>Mais les \u00e9tudes avan\u00e7ant, je me suis laiss\u00e9 guider sur un parcours plus \u00ab\u00a0acad\u00e9mique\u00a0\u00bb qui m\u2019amena \u00e0 un cursus d\u2019ing\u00e9nieur en Travaux Publics \u00e0 Paris (ESTP) puis \u00e0 un emploi d\u2019ing\u00e9nieur en calcul des structures dans un Bureau d\u2019Etudes en r\u00e9gion parisienne.<br \/>Apr\u00e8s toutes ces ann\u00e9es de pratique du violon, je ne pouvais pas quitter le monde de la musique ! D\u00e8s mon arriv\u00e9e \u00e0 Paris en 2001, j\u2019ai donc rejoint des orchestres amateurs (COGE, Musiques en Seine) et j\u2019ai eu la chance d\u2019y rencontrer de nombreux luthiers parisiens.<br \/>C\u2019est ainsi que mes premi\u00e8res passions ont refait surface. J\u2019ai alors r\u00e9alis\u00e9 que je n\u2019avais peut-\u00eatre pas choisi la voie professionnelle qui me correspondait\u2026<br \/>En 2010, je saute le pas et m\u2019inscris \u00e0 l\u2019Ecole de Lutherie de Newark-on-Trent au Royaume-Uni (NSVM) o\u00f9 j\u2019ai obtenu mon dipl\u00f4me en 2013.<br \/>Durant cette exp\u00e9rience anglaise, j\u2019ai eu la chance de faire des stages dans des ateliers prestigieux : Jonathan Woolston, David Rattray, Kai-Thomas Roth, Florian Leonhard, Neil Ertz\u2026<br \/>Mais \u00e9galement en France chez Jean-Yves Tanguy, Christian Charlemagne, Tanguy Fraval, Paul Noulet\u2026<br \/>Riche de toutes ces rencontres, c\u2019est finalement dans l\u2019atelier de Bernard Sabatier, rue de Rome, que j\u2019ai pratiqu\u00e9 le m\u00e9tier de luthier dans sa globalit\u00e9. Durant ces ann\u00e9es, j\u2019ai appris \u00e0 combiner la rigueur dans la restauration d\u2019instruments, l\u2019audace dans la fabrication et <span style=\"color: black; mso-themecolor: text1;\">la recherche<\/span> dans le montage.<br \/>Install\u00e9 depuis 2018 \u00e0 mon compte, j\u2019ai d\u00e9cid\u00e9 de me consacrer uniquement \u00e0 la fabrication d\u2019instruments du quatuor.<\/p>\t\t\t\t\t\t<\/div>\n\t\t\t\t<\/div>\n\t\t\t\t\t<\/div>\n\t\t<\/div>\n\t\t\t\t\t\t\t<\/div>\n\t\t<\/section>\n\t\t\t\t<section class=\"elementor-section elementor-top-section elementor-element elementor-element-60314c8 elementor-section-boxed elementor-section-height-default elementor-section-height-default\" data-id=\"60314c8\" data-element_type=\"section\">\n\t\t\t\t\t\t<div class=\"elementor-container elementor-column-gap-default\">\n\t\t\t\t\t<div class=\"elementor-column elementor-col-50 elementor-top-column elementor-element elementor-element-35b635d\" data-id=\"35b635d\" data-element_type=\"column\">\n\t\t\t<div class=\"elementor-widget-wrap elementor-element-populated\">\n\t\t\t\t\t\t\t\t<div class=\"elementor-element elementor-element-8fb1ac6 elementor-widget elementor-widget-menu-anchor\" data-id=\"8fb1ac6\" data-element_type=\"widget\" data-widget_type=\"menu-anchor.default\">\n\t\t\t\t<div class=\"elementor-widget-container\">\n\t\t\t\t\t<div id=\"demarche\" class=\"elementor-menu-anchor\"><\/div>\n\t\t\t\t<\/div>\n\t\t\t\t<\/div>\n\t\t\t\t<div class=\"elementor-element elementor-element-4ea7312 elementor-widget elementor-widget-image\" data-id=\"4ea7312\" data-element_type=\"widget\" data-widget_type=\"image.default\">\n\t\t\t\t<div class=\"elementor-widget-container\">\n\t\t\t\t\t\t\t\t\t\t\t\t\t\t\t<img loading=\"lazy\" decoding=\"async\" width=\"1024\" height=\"1024\" src=\"https:\/\/benjaminmolinaroluthier.com\/wp-content\/uploads\/2023\/10\/IMG_20231016_234352-1024x1024.jpg\" class=\"attachment-large size-large wp-image-986\" alt=\"\" srcset=\"https:\/\/benjaminmolinaroluthier.com\/wp-content\/uploads\/2023\/10\/IMG_20231016_234352-1024x1024.jpg 1024w, https:\/\/benjaminmolinaroluthier.com\/wp-content\/uploads\/2023\/10\/IMG_20231016_234352-300x300.jpg 300w, https:\/\/benjaminmolinaroluthier.com\/wp-content\/uploads\/2023\/10\/IMG_20231016_234352-150x150.jpg 150w, https:\/\/benjaminmolinaroluthier.com\/wp-content\/uploads\/2023\/10\/IMG_20231016_234352-768x768.jpg 768w, https:\/\/benjaminmolinaroluthier.com\/wp-content\/uploads\/2023\/10\/IMG_20231016_234352-12x12.jpg 12w, https:\/\/benjaminmolinaroluthier.com\/wp-content\/uploads\/2023\/10\/IMG_20231016_234352.jpg 1080w\" sizes=\"auto, (max-width: 1024px) 100vw, 1024px\" \/>\t\t\t\t\t\t\t\t\t\t\t\t\t\t\t<\/div>\n\t\t\t\t<\/div>\n\t\t\t\t\t<\/div>\n\t\t<\/div>\n\t\t\t\t<div class=\"elementor-column elementor-col-50 elementor-top-column elementor-element elementor-element-b7182a0\" data-id=\"b7182a0\" data-element_type=\"column\">\n\t\t\t<div class=\"elementor-widget-wrap elementor-element-populated\">\n\t\t\t\t\t\t\t\t<div class=\"elementor-element elementor-element-10f72cd elementor-widget elementor-widget-menu-anchor\" data-id=\"10f72cd\" data-element_type=\"widget\" data-widget_type=\"menu-anchor.default\">\n\t\t\t\t<div class=\"elementor-widget-container\">\n\t\t\t\t\t<div id=\"demarche\" class=\"elementor-menu-anchor\"><\/div>\n\t\t\t\t<\/div>\n\t\t\t\t<\/div>\n\t\t\t\t<div class=\"elementor-element elementor-element-76d2f24 elementor-widget elementor-widget-text-editor\" data-id=\"76d2f24\" data-element_type=\"widget\" data-widget_type=\"text-editor.default\">\n\t\t\t\t<div class=\"elementor-widget-container\">\n\t\t\t\t\t\t\t<h4><strong style=\"color: var(--ast-global-color-2); font-size: 1.5625rem; font-style: inherit; text-decoration-line: initial;\">Ma d\u00e9marche<\/strong><\/h4>\n<p>La fabrication est pour moi une source in\u00e9puisable de d\u00e9couvertes et la rigueur d\u2019une d\u00e9marche scientifique est sans cesse enrichie par une approche plus intuitive.<\/p>\n<p>Mes mod\u00e8les d\u2019instruments sont inspir\u00e9s d\u2019anciens mod\u00e8les italiens. J\u2019analyse et je reproduis les principes de conception des grands Ma\u00eetres mais les nouvelles technologies permettent plus d\u2019exp\u00e9rimentations et d\u2019innovations.<br>Les demandes des musiciens ont par ailleurs tellement \u00e9volu\u00e9 depuis le XVIII\u00e8me si\u00e8cle qu\u2019un traditionalisme exag\u00e9r\u00e9 serait vou\u00e9 \u00e0 l\u2019\u00e9chec.<br><span style=\"color: black; mso-themecolor: text1;\">Les logiciels informatiques ouvrent de nouvelles voies dans la construction g\u00e9om\u00e9trique des instruments. <\/span>Quant aux technologies 3D, elles permettent une compr\u00e9hension dynamique des instruments dans leur ensemble.<br>Mais finalement \u00e0 l\u2019\u00e9tabli, l\u2019intuition et les sensations ont le dernier mot.<br>Mes choix esth\u00e9tiques sont bien s\u00fbr inspir\u00e9s des Ma\u00eetres du XVII\u00e8me et XVIII\u00e8me si\u00e8cle, mais j\u2019essaie de laisser s\u2019exprimer une part de personnalit\u00e9 afin de d\u00e9finir peu \u00e0 peu mon propre style.<br>J\u2019aime les traces laiss\u00e9es par le temps sur les instruments. \u00ab\u00a0Vieillir\u00a0\u00bb un instrument permet de jouer avec les couleurs et les textures, mais le vernis neuf est \u00e9galement un d\u00e9fi dans la recherche de puret\u00e9 et de transparence.<\/p>\n<p><style>@font-face<br \/>\t{font-family:\"Cambria Math\";<br \/>\tpanose-1:2 4 5 3 5 4 6 3 2 4;<br \/>\tmso-font-charset:0;<br \/>\tmso-generic-font-family:auto;<br \/>\tmso-font-pitch:variable;<br \/>\tmso-font-signature:-536870145 1107305727 0 0 415 0;}@font-face<br \/>\t{font-family:Calibri;<br \/>\tpanose-1:2 15 5 2 2 2 4 3 2 4;<br \/>\tmso-font-charset:0;<br \/>\tmso-generic-font-family:auto;<br \/>\tmso-font-pitch:variable;<br \/>\tmso-font-signature:-536870145 1073786111 1 0 415 0;}p.MsoNormal, li.MsoNormal, div.MsoNormal<br \/>\t{mso-style-unhide:no;<br \/>\tmso-style-qformat:yes;<br \/>\tmso-style-parent:\"\";<br \/>\tmargin:0cm;<br \/>\tmargin-bottom:.0001pt;<br \/>\tmso-pagination:widow-orphan;<br \/>\tfont-size:12.0pt;<br \/>\tfont-family:Calibri;<br \/>\tmso-ascii-font-family:Calibri;<br \/>\tmso-ascii-theme-font:minor-latin;<br \/>\tmso-fareast-font-family:Calibri;<br \/>\tmso-fareast-theme-font:minor-latin;<br \/>\tmso-hansi-font-family:Calibri;<br \/>\tmso-hansi-theme-font:minor-latin;<br \/>\tmso-bidi-font-family:\"Times New Roman\";<br \/>\tmso-bidi-theme-font:minor-bidi;<br \/>\tmso-fareast-language:EN-US;}.MsoChpDefault<br \/>\t{mso-style-type:export-only;<br \/>\tmso-default-props:yes;<br \/>\tfont-family:Calibri;<br \/>\tmso-ascii-font-family:Calibri;<br \/>\tmso-ascii-theme-font:minor-latin;<br \/>\tmso-fareast-font-family:Calibri;<br \/>\tmso-fareast-theme-font:minor-latin;<br \/>\tmso-hansi-font-family:Calibri;<br \/>\tmso-hansi-theme-font:minor-latin;<br \/>\tmso-bidi-font-family:\"Times New Roman\";<br \/>\tmso-bidi-theme-font:minor-bidi;<br \/>\tmso-fareast-language:EN-US;}div.WordSection1<br \/>\t{page:WordSection1;}<\/style>\n<\/p>\t\t\t\t\t\t<\/div>\n\t\t\t\t<\/div>\n\t\t\t\t\t<\/div>\n\t\t<\/div>\n\t\t\t\t\t\t\t<\/div>\n\t\t<\/section>\n\t\t\t\t\t\t\t<\/div>\n\t\t","protected":false},"excerpt":{"rendered":"<p>Mon Parcours Ma D\u00e9marche Mon Parcours N\u00e9 dans une famille de musiciens, c\u2019est tout naturellement que j\u2019ai commenc\u00e9 le violon \u00e0 l\u2019\u00e2ge de 6 ans au CRR de Lyon. Assez rapidement, j\u2019ai voulu en savoir plus sur cet instrument et je ne manquais pas une occasion d\u2019aller visiter les ateliers de lutherie lyonnais.Mais les \u00e9tudes [&hellip;]<\/p>\n","protected":false},"author":1,"featured_media":0,"parent":0,"menu_order":0,"comment_status":"closed","ping_status":"closed","template":"","meta":{"site-sidebar-layout":"no-sidebar","site-content-layout":"page-builder","ast-site-content-layout":"full-width-container","site-content-style":"default","site-sidebar-style":"default","ast-global-header-display":"","ast-banner-title-visibility":"","ast-main-header-display":"","ast-hfb-above-header-display":"","ast-hfb-below-header-display":"","ast-hfb-mobile-header-display":"","site-post-title":"disabled","ast-breadcrumbs-content":"","ast-featured-img":"disabled","footer-sml-layout":"","ast-disable-related-posts":"","theme-transparent-header-meta":"","adv-header-id-meta":"","stick-header-meta":"","header-above-stick-meta":"","header-main-stick-meta":"","header-below-stick-meta":"","astra-migrate-meta-layouts":"set","ast-page-background-enabled":"default","ast-page-background-meta":{"desktop":{"background-color":"","background-image":"","background-repeat":"repeat","background-position":"center center","background-size":"auto","background-attachment":"scroll","background-type":"","background-media":"","overlay-type":"","overlay-color":"","overlay-opacity":"","overlay-gradient":""},"tablet":{"background-color":"","background-image":"","background-repeat":"repeat","background-position":"center center","background-size":"auto","background-attachment":"scroll","background-type":"","background-media":"","overlay-type":"","overlay-color":"","overlay-opacity":"","overlay-gradient":""},"mobile":{"background-color":"","background-image":"","background-repeat":"repeat","background-position":"center center","background-size":"auto","background-attachment":"scroll","background-type":"","background-media":"","overlay-type":"","overlay-color":"","overlay-opacity":"","overlay-gradient":""}},"ast-content-background-meta":{"desktop":{"background-color":"var(--ast-global-color-5)","background-image":"","background-repeat":"repeat","background-position":"center center","background-size":"auto","background-attachment":"scroll","background-type":"","background-media":"","overlay-type":"","overlay-color":"","overlay-opacity":"","overlay-gradient":""},"tablet":{"background-color":"var(--ast-global-color-5)","background-image":"","background-repeat":"repeat","background-position":"center center","background-size":"auto","background-attachment":"scroll","background-type":"","background-media":"","overlay-type":"","overlay-color":"","overlay-opacity":"","overlay-gradient":""},"mobile":{"background-color":"var(--ast-global-color-5)","background-image":"","background-repeat":"repeat","background-position":"center center","background-size":"auto","background-attachment":"scroll","background-type":"","background-media":"","overlay-type":"","overlay-color":"","overlay-opacity":"","overlay-gradient":""}},"footnotes":""},"class_list":["post-954","page","type-page","status-publish","hentry"],"_links":{"self":[{"href":"https:\/\/benjaminmolinaroluthier.com\/en\/wp-json\/wp\/v2\/pages\/954","targetHints":{"allow":["GET"]}}],"collection":[{"href":"https:\/\/benjaminmolinaroluthier.com\/en\/wp-json\/wp\/v2\/pages"}],"about":[{"href":"https:\/\/benjaminmolinaroluthier.com\/en\/wp-json\/wp\/v2\/types\/page"}],"author":[{"embeddable":true,"href":"https:\/\/benjaminmolinaroluthier.com\/en\/wp-json\/wp\/v2\/users\/1"}],"replies":[{"embeddable":true,"href":"https:\/\/benjaminmolinaroluthier.com\/en\/wp-json\/wp\/v2\/comments?post=954"}],"version-history":[{"count":44,"href":"https:\/\/benjaminmolinaroluthier.com\/en\/wp-json\/wp\/v2\/pages\/954\/revisions"}],"predecessor-version":[{"id":1032,"href":"https:\/\/benjaminmolinaroluthier.com\/en\/wp-json\/wp\/v2\/pages\/954\/revisions\/1032"}],"wp:attachment":[{"href":"https:\/\/benjaminmolinaroluthier.com\/en\/wp-json\/wp\/v2\/media?parent=954"}],"curies":[{"name":"wp","href":"https:\/\/api.w.org\/{rel}","templated":true}]}}